{"id":14810,"date":"2022-09-24T14:20:00","date_gmt":"2022-09-24T12:20:00","guid":{"rendered":"https:\/\/gutmann.design\/geschenkideen-business\/"},"modified":"2024-01-18T13:26:29","modified_gmt":"2024-01-18T12:26:29","slug":"geschenkideen-business","status":"publish","type":"page","link":"https:\/\/gutmann.design\/en\/geschenkideen-business\/","title":{"rendered":"Geschenkideen f\u00fcr Dein Business"},"content":{"rendered":"<div id=\"pl-14810\"  class=\"panel-layout\" ><div id=\"pg-14810-0\"  class=\"panel-grid panel-has-style\" ><div class=\"panel-row-style panel-row-style-for-14810-0\" ><div id=\"pgc-14810-0-0\"  class=\"panel-grid-cell\" ><div id=\"panel-14810-0-0-0\" class=\"so-panel widget widget_sow-editor panel-first-child panel-last-child\" data-index=\"0\" ><div class=\"panel-widget-style panel-widget-style-for-14810-0-0-0\" ><div\n\t\t\t\n\t\t\tclass=\"so-widget-sow-editor so-widget-sow-editor-base\"\n\t\t\t\n\t\t>\n<div class=\"siteorigin-widget-tinymce textwidget\">\n\t<h1 style=\"text-align: center;\"><span class=\"thinh1\">Moderne Beton Accessoires f\u00fcr Deine Business \u2013 <\/span><br \/>\n<span class=\"boldh1\">hochwertige Geschenke ohne Kompromisse<\/span><\/h1>\n<\/div>\n<\/div><\/div><\/div><\/div><\/div><\/div><div id=\"pg-14810-1\"  class=\"panel-grid panel-no-style\" ><div id=\"pgc-14810-1-0\"  class=\"panel-grid-cell\" ><div id=\"panel-14810-1-0-0\" class=\"so-panel widget widget_sow-editor panel-first-child panel-last-child\" data-index=\"1\" ><div class=\"panel-widget-style panel-widget-style-for-14810-1-0-0\" ><div\n\t\t\t\n\t\t\tclass=\"so-widget-sow-editor so-widget-sow-editor-base\"\n\t\t\t\n\t\t>\n<div class=\"siteorigin-widget-tinymce textwidget\">\n\t<h3 style=\"text-align: left;\"><span class=\"thinh3\">F\u00fcr Dich<\/span><br \/>\n<span class=\"bold\">gemacht<\/span><\/h3>\n<p>Du m\u00f6chtest individuelle, robuste und langlebige Artikel aus Beton f\u00fcr dein Unternehmen oder B\u00fcro? Oder auf einem Messeauftritt mit eigens f\u00fcr deine Firma designten Produkten die Aufmerksamkeit auf Dich ziehen?<\/p>\n<\/div>\n<\/div><\/div><\/div><\/div><div id=\"pgc-14810-1-1\"  class=\"panel-grid-cell\" ><div id=\"panel-14810-1-1-0\" class=\"so-panel widget widget_media_image panel-first-child panel-last-child\" data-index=\"2\" ><img decoding=\"async\" width=\"900\" height=\"600\" src=\"https:\/\/gutmann.design\/wp-content\/uploads\/2022\/12\/Werbemittel-personalisiert-beton.jpg\" class=\"image wp-image-7622 radien attachment-full size-full wvs-archive-product-image\" alt=\"Bei uns bekommst Du personalisierte Werbemittel aus Beton.\" style=\"max-width: 100%; height: auto;\" srcset=\"https:\/\/gutmann.design\/wp-content\/uploads\/2022\/12\/Werbemittel-personalisiert-beton.jpg 900w, https:\/\/gutmann.design\/wp-content\/uploads\/2022\/12\/Werbemittel-personalisiert-beton-300x200.jpg 300w, https:\/\/gutmann.design\/wp-content\/uploads\/2022\/12\/Werbemittel-personalisiert-beton-768x512.jpg 768w, https:\/\/gutmann.design\/wp-content\/uploads\/2022\/12\/Werbemittel-personalisiert-beton-272x182.jpg 272w\" sizes=\"(max-width: 900px) 100vw, 900px\" \/><\/div><\/div><\/div><div id=\"pg-14810-2\"  class=\"panel-grid panel-no-style\" ><div id=\"pgc-14810-2-0\"  class=\"panel-grid-cell\" ><div id=\"panel-14810-2-0-0\" class=\"so-panel widget widget_media_image panel-first-child panel-last-child\" data-index=\"3\" ><img decoding=\"async\" width=\"900\" height=\"600\" src=\"https:\/\/gutmann.design\/wp-content\/uploads\/2022\/11\/Klemmbrett-mit-Gravur.jpg\" class=\"image wp-image-7312 radien attachment-full size-full wvs-archive-product-image\" alt=\"Eine tolles Klemmbrett mit individueller Gravur in Beton.\" style=\"max-width: 100%; height: auto;\" srcset=\"https:\/\/gutmann.design\/wp-content\/uploads\/2022\/11\/Klemmbrett-mit-Gravur.jpg 900w, https:\/\/gutmann.design\/wp-content\/uploads\/2022\/11\/Klemmbrett-mit-Gravur-700x467.jpg 700w, https:\/\/gutmann.design\/wp-content\/uploads\/2022\/11\/Klemmbrett-mit-Gravur-300x200.jpg 300w, https:\/\/gutmann.design\/wp-content\/uploads\/2022\/11\/Klemmbrett-mit-Gravur-768x512.jpg 768w, https:\/\/gutmann.design\/wp-content\/uploads\/2022\/11\/Klemmbrett-mit-Gravur-95x63.jpg 95w, https:\/\/gutmann.design\/wp-content\/uploads\/2022\/11\/Klemmbrett-mit-Gravur-272x182.jpg 272w, https:\/\/gutmann.design\/wp-content\/uploads\/2022\/11\/Klemmbrett-mit-Gravur-800x533.jpg 800w\" sizes=\"(max-width: 900px) 100vw, 900px\" \/><\/div><\/div><div id=\"pgc-14810-2-1\"  class=\"panel-grid-cell\" ><div id=\"panel-14810-2-1-0\" class=\"so-panel widget widget_sow-editor panel-first-child panel-last-child\" data-index=\"4\" ><div class=\"panel-widget-style panel-widget-style-for-14810-2-1-0\" ><div\n\t\t\t\n\t\t\tclass=\"so-widget-sow-editor so-widget-sow-editor-base\"\n\t\t\t\n\t\t>\n<div class=\"siteorigin-widget-tinymce textwidget\">\n\t<h3 style=\"text-align: left;\"><span class=\"thinh3\">Geschenke erhalten<\/span><br \/>\n<span class=\"bold\">die Freundschaft<\/span><\/h3>\n<p>Vielleicht suchst du auch nach exklusiven Kundengeschenken oder originellen Weihnachtspr\u00e4sente f\u00fcr Kunden und Mitarbeiter ?<\/p>\n<\/div>\n<\/div><\/div><\/div><\/div><\/div><div id=\"pg-14810-3\"  class=\"panel-grid panel-no-style\" ><div id=\"pgc-14810-3-0\"  class=\"panel-grid-cell\" ><div id=\"panel-14810-3-0-0\" class=\"so-panel widget widget_sow-editor panel-first-child panel-last-child\" data-index=\"5\" ><div class=\"panel-widget-style panel-widget-style-for-14810-3-0-0\" ><div\n\t\t\t\n\t\t\tclass=\"so-widget-sow-editor so-widget-sow-editor-base\"\n\t\t\t\n\t\t>\n<div class=\"siteorigin-widget-tinymce textwidget\">\n\t<h3 style=\"text-align: left;\"><span class=\"thinh3\">Alles f\u00fcr<\/span><br \/>\n<span class=\"bold\">Dein Team<\/span><\/h3>\n<p>Wie w\u00e4re es mit einem nachhaltigen Abschiedsgeschenk vom Team mit individueller Widmung auf dem Produkt ?<\/p>\n<\/div>\n<\/div><\/div><\/div><\/div><div id=\"pgc-14810-3-1\"  class=\"panel-grid-cell\" ><div id=\"panel-14810-3-1-0\" class=\"so-panel widget widget_media_image panel-first-child panel-last-child\" data-index=\"6\" ><img decoding=\"async\" width=\"900\" height=\"600\" src=\"https:\/\/gutmann.design\/wp-content\/uploads\/2022\/12\/Abschiedsgeschenk-Team-individuell.jpg\" class=\"image wp-image-7542 radien attachment-full size-full wvs-archive-product-image\" alt=\"Du suchst ein individuellen Abschiedsgeschenk von Deinem Team, hier wirst Du f\u00fcndig.\" style=\"max-width: 100%; height: auto;\" srcset=\"https:\/\/gutmann.design\/wp-content\/uploads\/2022\/12\/Abschiedsgeschenk-Team-individuell.jpg 900w, https:\/\/gutmann.design\/wp-content\/uploads\/2022\/12\/Abschiedsgeschenk-Team-individuell-300x200.jpg 300w, https:\/\/gutmann.design\/wp-content\/uploads\/2022\/12\/Abschiedsgeschenk-Team-individuell-768x512.jpg 768w, https:\/\/gutmann.design\/wp-content\/uploads\/2022\/12\/Abschiedsgeschenk-Team-individuell-272x182.jpg 272w\" sizes=\"(max-width: 900px) 100vw, 900px\" \/><\/div><\/div><\/div><div id=\"pg-14810-4\"  class=\"panel-grid panel-no-style\" ><div id=\"pgc-14810-4-0\"  class=\"panel-grid-cell\" ><div id=\"panel-14810-4-0-0\" class=\"so-panel widget widget_media_image panel-first-child panel-last-child\" data-index=\"7\" ><img decoding=\"async\" width=\"900\" height=\"600\" src=\"https:\/\/gutmann.design\/wp-content\/uploads\/2022\/11\/Stiftehalter-personalisiert-holz-beton.jpg\" class=\"image wp-image-7314 radien attachment-full size-full wvs-archive-product-image\" alt=\"Ein w\u00fcrfelf\u00f6rmiger Stiftehalter personalisiert aus Holz und Beton.\" style=\"max-width: 100%; height: auto;\" srcset=\"https:\/\/gutmann.design\/wp-content\/uploads\/2022\/11\/Stiftehalter-personalisiert-holz-beton.jpg 900w, https:\/\/gutmann.design\/wp-content\/uploads\/2022\/11\/Stiftehalter-personalisiert-holz-beton-700x467.jpg 700w, https:\/\/gutmann.design\/wp-content\/uploads\/2022\/11\/Stiftehalter-personalisiert-holz-beton-300x200.jpg 300w, https:\/\/gutmann.design\/wp-content\/uploads\/2022\/11\/Stiftehalter-personalisiert-holz-beton-768x512.jpg 768w, https:\/\/gutmann.design\/wp-content\/uploads\/2022\/11\/Stiftehalter-personalisiert-holz-beton-95x63.jpg 95w, https:\/\/gutmann.design\/wp-content\/uploads\/2022\/11\/Stiftehalter-personalisiert-holz-beton-272x182.jpg 272w, https:\/\/gutmann.design\/wp-content\/uploads\/2022\/11\/Stiftehalter-personalisiert-holz-beton-800x533.jpg 800w\" sizes=\"(max-width: 900px) 100vw, 900px\" \/><\/div><\/div><div id=\"pgc-14810-4-1\"  class=\"panel-grid-cell\" ><div id=\"panel-14810-4-1-0\" class=\"so-panel widget widget_sow-editor panel-first-child panel-last-child\" data-index=\"8\" ><div class=\"panel-widget-style panel-widget-style-for-14810-4-1-0\" ><div\n\t\t\t\n\t\t\tclass=\"so-widget-sow-editor so-widget-sow-editor-base\"\n\t\t\t\n\t\t>\n<div class=\"siteorigin-widget-tinymce textwidget\">\n\t<h3 style=\"text-align: left;\"><span class=\"thinh3\">Holz oder Beton<\/span><br \/>\n<span class=\"bold\">oder ganz was anderes ?<\/span><\/h3>\n<p>Wir beschriften alle erdenklichen Materialien und kombinieren diese f\u00fcr Dich miteinander.<\/p>\n<\/div>\n<\/div><\/div><\/div><\/div><\/div><div id=\"pg-14810-5\"  class=\"panel-grid panel-has-style\" ><div class=\"panel-row-style panel-row-style-for-14810-5\" ><div id=\"pgc-14810-5-0\"  class=\"panel-grid-cell\" ><div id=\"panel-14810-5-0-0\" class=\"so-panel widget widget_sow-editor panel-first-child\" data-index=\"9\" ><div class=\"animate-69e06bdac14c8893751867 panel-widget-style panel-widget-style-for-14810-5-0-0\" data-so-animation=\"{&quot;selector&quot;:&quot;.animate-69e06bdac14c8893751867&quot;,&quot;animation&quot;:&quot;fadeInTopLeft&quot;,&quot;breakpoint&quot;:&quot;780px&quot;,&quot;duration&quot;:2,&quot;repeat&quot;:0,&quot;hide&quot;:0,&quot;disableAnimationMobile&quot;:0,&quot;finalState&quot;:&quot;visible&quot;,&quot;delay&quot;:0,&quot;debounce&quot;:0.1000000000000000055511151231257827021181583404541015625,&quot;event&quot;:&quot;enter&quot;,&quot;offset&quot;:0}\" ><div\n\t\t\t\n\t\t\tclass=\"so-widget-sow-editor so-widget-sow-editor-base\"\n\t\t\t\n\t\t>\n<div class=\"siteorigin-widget-tinymce textwidget\">\n\t<h3 style=\"text-align: left;\"><span class=\"thinh3\">Die Suche<\/span><br \/>\n<span class=\"bold\">hat ein Ende<\/span><\/h3>\n<p>\u2192 Du bist bei uns genau richtig.<br \/>\n<strong>Wir freuen uns auf Deine Nachricht!<\/strong><\/p>\n<\/div>\n<\/div><\/div><\/div><div id=\"panel-14810-5-0-1\" class=\"so-panel widget widget_sow-button panel-last-child\" data-index=\"10\" ><div class=\"knopf animate-69e06bdac15b2638993836 panels-animation-hide panel-widget-style panel-widget-style-for-14810-5-0-1\" data-so-animation=\"{&quot;selector&quot;:&quot;.animate-69e06bdac15b2638993836&quot;,&quot;animation&quot;:&quot;fadeInBottomRight&quot;,&quot;breakpoint&quot;:&quot;780px&quot;,&quot;duration&quot;:2,&quot;repeat&quot;:0,&quot;hide&quot;:1,&quot;disableAnimationMobile&quot;:0,&quot;finalState&quot;:&quot;visible&quot;,&quot;delay&quot;:0,&quot;debounce&quot;:0.1000000000000000055511151231257827021181583404541015625,&quot;event&quot;:&quot;enter&quot;,&quot;offset&quot;:0}\" ><div\n\t\t\t\n\t\t\tclass=\"so-widget-sow-button so-widget-sow-button-flat-6ab880ae8499-14810\"\n\t\t\t\n\t\t><div class=\"ow-button-base ow-button-align-left\"\n>\n\t\t\t<a\n\t\t\t\t\thref=\"mailto:info@gutmann.design\"\n\t\t\t\t\tclass=\"button sowb-button ow-icon-placement-left ow-button-hover\" \t>\n\t\t<span>\n\t\t\t\n\t\t\tSchreib uns an!\t\t<\/span>\n\t\t\t<\/a>\n\t<\/div>\n<\/div><\/div><\/div><\/div><div id=\"pgc-14810-5-1\"  class=\"panel-grid-cell panel-grid-cell-mobile-last\" ><div id=\"panel-14810-5-1-0\" class=\"so-panel widget widget_sow-editor panel-first-child panel-last-child\" data-index=\"11\" ><div\n\t\t\t\n\t\t\tclass=\"so-widget-sow-editor so-widget-sow-editor-base\"\n\t\t\t\n\t\t>\n<div class=\"siteorigin-widget-tinymce textwidget\">\n\t<p style=\"text-align: center;\"><img decoding=\"async\" class=\"wp-image-3986 aligncenter\" src=\"https:\/\/gutmann.design\/wp-content\/uploads\/2022\/07\/Ich_2_1080_1080-300x300.jpg\" alt=\"\" width=\"500\" height=\"500\" srcset=\"https:\/\/gutmann.design\/wp-content\/uploads\/2022\/07\/Ich_2_1080_1080-300x300.jpg 300w, https:\/\/gutmann.design\/wp-content\/uploads\/2022\/07\/Ich_2_1080_1080-100x100.jpg 100w, https:\/\/gutmann.design\/wp-content\/uploads\/2022\/07\/Ich_2_1080_1080-900x900.jpg 900w, https:\/\/gutmann.design\/wp-content\/uploads\/2022\/07\/Ich_2_1080_1080-1024x1024.jpg 1024w, https:\/\/gutmann.design\/wp-content\/uploads\/2022\/07\/Ich_2_1080_1080-768x768.jpg 768w, https:\/\/gutmann.design\/wp-content\/uploads\/2022\/07\/Ich_2_1080_1080-95x95.jpg 95w, https:\/\/gutmann.design\/wp-content\/uploads\/2022\/07\/Ich_2_1080_1080-600x600.jpg 600w, https:\/\/gutmann.design\/wp-content\/uploads\/2022\/07\/Ich_2_1080_1080-50x50.jpg 50w, https:\/\/gutmann.design\/wp-content\/uploads\/2022\/07\/Ich_2_1080_1080-420x420.jpg 420w, https:\/\/gutmann.design\/wp-content\/uploads\/2022\/07\/Ich_2_1080_1080.jpg 1080w\" sizes=\"(max-width: 500px) 100vw, 500px\" \/><\/p>\n<p><img decoding=\"async\" class=\"size-medium wp-image-3768 aligncenter\" src=\"https:\/\/gutmann.design\/wp-content\/uploads\/2022\/07\/Unterschrift-1-300x200.png\" alt=\"\" width=\"300\" height=\"200\" srcset=\"https:\/\/gutmann.design\/wp-content\/uploads\/2022\/07\/Unterschrift-1-300x200.png 300w, https:\/\/gutmann.design\/wp-content\/uploads\/2022\/07\/Unterschrift-1-95x63.png 95w, https:\/\/gutmann.design\/wp-content\/uploads\/2022\/07\/Unterschrift-1-272x182.png 272w, https:\/\/gutmann.design\/wp-content\/uploads\/2022\/07\/Unterschrift-1.png 600w, https:\/\/gutmann.design\/wp-content\/uploads\/2022\/07\/Unterschrift-1-450x300.png 450w\" sizes=\"(max-width: 300px) 100vw, 300px\" \/><\/p>\n<\/div>\n<\/div><\/div><\/div><div id=\"pgc-14810-5-2\"  class=\"panel-grid-cell panel-grid-cell-empty\" ><\/div><\/div><\/div><div id=\"pg-14810-6\"  class=\"panel-grid panel-has-style\" ><div class=\"panel-row-style panel-row-style-for-14810-6\" ><div id=\"pgc-14810-6-0\"  class=\"panel-grid-cell\" ><div id=\"panel-14810-6-0-0\" class=\"so-panel widget widget_media_image panel-first-child panel-last-child\" data-index=\"12\" ><img decoding=\"async\" width=\"190\" height=\"213\" src=\"https:\/\/gutmann.design\/wp-content\/uploads\/2022\/07\/icon-hergestellt-in-deutschland-blau-267x300.png\" class=\"image wp-image-3963 icon-klein attachment-190x213 size-190x213 wvs-archive-product-image\" alt=\"Gutmann Design stell in Deutschland her.\" style=\"max-width: 100%; height: auto;\" srcset=\"https:\/\/gutmann.design\/wp-content\/uploads\/2022\/07\/icon-hergestellt-in-deutschland-blau-267x300.png 267w, https:\/\/gutmann.design\/wp-content\/uploads\/2022\/07\/icon-hergestellt-in-deutschland-blau-85x95.png 85w, https:\/\/gutmann.design\/wp-content\/uploads\/2022\/07\/icon-hergestellt-in-deutschland-blau-300x337.png 300w, https:\/\/gutmann.design\/wp-content\/uploads\/2022\/07\/icon-hergestellt-in-deutschland-blau.png 320w\" sizes=\"(max-width: 190px) 100vw, 190px\" \/><\/div><\/div><div id=\"pgc-14810-6-1\"  class=\"panel-grid-cell\" ><div id=\"panel-14810-6-1-0\" class=\"so-panel widget widget_media_image panel-first-child panel-last-child\" data-index=\"13\" ><img decoding=\"async\" width=\"190\" height=\"213\" src=\"https:\/\/gutmann.design\/wp-content\/uploads\/2022\/07\/icon-handgemacht-blau-267x300.png\" class=\"image wp-image-3962 icon-klein attachment-190x213 size-190x213 wvs-archive-product-image\" alt=\"Icon_Traufel_Betonmanufaktur_Gutmann_Design\" style=\"max-width: 100%; height: auto;\" srcset=\"https:\/\/gutmann.design\/wp-content\/uploads\/2022\/07\/icon-handgemacht-blau-267x300.png 267w, https:\/\/gutmann.design\/wp-content\/uploads\/2022\/07\/icon-handgemacht-blau-85x95.png 85w, https:\/\/gutmann.design\/wp-content\/uploads\/2022\/07\/icon-handgemacht-blau-300x337.png 300w, https:\/\/gutmann.design\/wp-content\/uploads\/2022\/07\/icon-handgemacht-blau.png 320w\" sizes=\"(max-width: 190px) 100vw, 190px\" \/><\/div><\/div><div id=\"pgc-14810-6-2\"  class=\"panel-grid-cell\" ><div id=\"panel-14810-6-2-0\" class=\"so-panel widget widget_media_image panel-first-child panel-last-child\" data-index=\"14\" ><img decoding=\"async\" width=\"190\" height=\"213\" src=\"https:\/\/gutmann.design\/wp-content\/uploads\/2022\/07\/icon-unbedenklich-blau-267x300.png\" class=\"image wp-image-3966 icon-klein attachment-190x213 size-190x213 wvs-archive-product-image\" alt=\"Betondesign unbedenkliche Materialien von Gutmann - Design.\" style=\"max-width: 100%; height: auto;\" srcset=\"https:\/\/gutmann.design\/wp-content\/uploads\/2022\/07\/icon-unbedenklich-blau-267x300.png 267w, https:\/\/gutmann.design\/wp-content\/uploads\/2022\/07\/icon-unbedenklich-blau-85x95.png 85w, https:\/\/gutmann.design\/wp-content\/uploads\/2022\/07\/icon-unbedenklich-blau-300x337.png 300w, https:\/\/gutmann.design\/wp-content\/uploads\/2022\/07\/icon-unbedenklich-blau.png 320w\" sizes=\"(max-width: 190px) 100vw, 190px\" \/><\/div><\/div><div id=\"pgc-14810-6-3\"  class=\"panel-grid-cell\" ><div id=\"panel-14810-6-3-0\" class=\"so-panel widget widget_media_image panel-first-child panel-last-child\" data-index=\"15\" ><img decoding=\"async\" width=\"190\" height=\"213\" src=\"https:\/\/gutmann.design\/wp-content\/uploads\/2022\/07\/icon-nachhaltig-blau-267x300.png\" class=\"image wp-image-3964 icon-klein attachment-190x213 size-190x213 wvs-archive-product-image\" alt=\"Nachhaltige Beton Manufaktur Gutmann - Design.\" style=\"max-width: 100%; height: auto;\" srcset=\"https:\/\/gutmann.design\/wp-content\/uploads\/2022\/07\/icon-nachhaltig-blau-267x300.png 267w, https:\/\/gutmann.design\/wp-content\/uploads\/2022\/07\/icon-nachhaltig-blau-85x95.png 85w, https:\/\/gutmann.design\/wp-content\/uploads\/2022\/07\/icon-nachhaltig-blau-300x337.png 300w, https:\/\/gutmann.design\/wp-content\/uploads\/2022\/07\/icon-nachhaltig-blau.png 320w\" sizes=\"(max-width: 190px) 100vw, 190px\" \/><\/div><\/div><\/div><\/div><div id=\"pg-14810-7\"  class=\"panel-grid panel-has-style\" ><div class=\"animate-69e06bdac3726375737328 panels-animation-hide panel-row-style panel-row-style-for-14810-7\" data-so-animation=\"{&quot;selector&quot;:&quot;.animate-69e06bdac3726375737328&quot;,&quot;animation&quot;:&quot;fadeIn&quot;,&quot;breakpoint&quot;:&quot;780px&quot;,&quot;duration&quot;:1,&quot;repeat&quot;:0,&quot;hide&quot;:1,&quot;disableAnimationMobile&quot;:0,&quot;finalState&quot;:&quot;visible&quot;,&quot;delay&quot;:0,&quot;debounce&quot;:0.1000000000000000055511151231257827021181583404541015625,&quot;event&quot;:&quot;enter&quot;,&quot;offset&quot;:0}\" ><div id=\"pgc-14810-7-0\"  class=\"panel-grid-cell\" ><div id=\"panel-14810-7-0-0\" class=\"so-panel widget widget_media_image panel-first-child\" data-index=\"16\" ><img decoding=\"async\" width=\"190\" height=\"213\" src=\"https:\/\/gutmann.design\/wp-content\/uploads\/2022\/07\/icon-hergestellt-in-deutschland-blau-267x300.png\" class=\"image wp-image-3963 icon-klein attachment-190x213 size-190x213 wvs-archive-product-image\" alt=\"Gutmann Design stell in Deutschland her.\" style=\"max-width: 100%; height: auto;\" srcset=\"https:\/\/gutmann.design\/wp-content\/uploads\/2022\/07\/icon-hergestellt-in-deutschland-blau-267x300.png 267w, https:\/\/gutmann.design\/wp-content\/uploads\/2022\/07\/icon-hergestellt-in-deutschland-blau-85x95.png 85w, https:\/\/gutmann.design\/wp-content\/uploads\/2022\/07\/icon-hergestellt-in-deutschland-blau-300x337.png 300w, https:\/\/gutmann.design\/wp-content\/uploads\/2022\/07\/icon-hergestellt-in-deutschland-blau.png 320w\" sizes=\"(max-width: 190px) 100vw, 190px\" \/><\/div><div id=\"panel-14810-7-0-1\" class=\"so-panel widget widget_media_image panel-last-child\" data-index=\"17\" ><img decoding=\"async\" width=\"190\" height=\"213\" src=\"https:\/\/gutmann.design\/wp-content\/uploads\/2022\/07\/icon-handgemacht-blau-267x300.png\" class=\"image wp-image-3962 icon-klein attachment-190x213 size-190x213 wvs-archive-product-image\" alt=\"Icon_Traufel_Betonmanufaktur_Gutmann_Design\" style=\"max-width: 100%; height: auto;\" srcset=\"https:\/\/gutmann.design\/wp-content\/uploads\/2022\/07\/icon-handgemacht-blau-267x300.png 267w, https:\/\/gutmann.design\/wp-content\/uploads\/2022\/07\/icon-handgemacht-blau-85x95.png 85w, https:\/\/gutmann.design\/wp-content\/uploads\/2022\/07\/icon-handgemacht-blau-300x337.png 300w, https:\/\/gutmann.design\/wp-content\/uploads\/2022\/07\/icon-handgemacht-blau.png 320w\" sizes=\"(max-width: 190px) 100vw, 190px\" \/><\/div><\/div><div id=\"pgc-14810-7-1\"  class=\"panel-grid-cell\" ><div id=\"panel-14810-7-1-0\" class=\"so-panel widget widget_media_image panel-first-child\" data-index=\"18\" ><img decoding=\"async\" width=\"190\" height=\"213\" src=\"https:\/\/gutmann.design\/wp-content\/uploads\/2022\/07\/icon-unbedenklich-blau-267x300.png\" class=\"image wp-image-3966 icon-klein attachment-190x213 size-190x213 wvs-archive-product-image\" alt=\"Betondesign unbedenkliche Materialien von Gutmann - Design.\" style=\"max-width: 100%; height: auto;\" srcset=\"https:\/\/gutmann.design\/wp-content\/uploads\/2022\/07\/icon-unbedenklich-blau-267x300.png 267w, https:\/\/gutmann.design\/wp-content\/uploads\/2022\/07\/icon-unbedenklich-blau-85x95.png 85w, https:\/\/gutmann.design\/wp-content\/uploads\/2022\/07\/icon-unbedenklich-blau-300x337.png 300w, https:\/\/gutmann.design\/wp-content\/uploads\/2022\/07\/icon-unbedenklich-blau.png 320w\" sizes=\"(max-width: 190px) 100vw, 190px\" \/><\/div><div id=\"panel-14810-7-1-1\" class=\"so-panel widget widget_media_image panel-last-child\" data-index=\"19\" ><img decoding=\"async\" width=\"190\" height=\"213\" src=\"https:\/\/gutmann.design\/wp-content\/uploads\/2022\/07\/icon-nachhaltig-blau-267x300.png\" class=\"image wp-image-3964 icon-klein attachment-190x213 size-190x213 wvs-archive-product-image\" alt=\"Nachhaltige Beton Manufaktur Gutmann - Design.\" style=\"max-width: 100%; height: auto;\" srcset=\"https:\/\/gutmann.design\/wp-content\/uploads\/2022\/07\/icon-nachhaltig-blau-267x300.png 267w, https:\/\/gutmann.design\/wp-content\/uploads\/2022\/07\/icon-nachhaltig-blau-85x95.png 85w, https:\/\/gutmann.design\/wp-content\/uploads\/2022\/07\/icon-nachhaltig-blau-300x337.png 300w, https:\/\/gutmann.design\/wp-content\/uploads\/2022\/07\/icon-nachhaltig-blau.png 320w\" sizes=\"(max-width: 190px) 100vw, 190px\" \/><\/div><\/div><\/div><\/div><\/div>","protected":false},"excerpt":{"rendered":"<p>Moderne Beton Accessoires f\u00fcr Deine Business \u2013 hochwertige Geschenke ohne Kompromisse F\u00fcr Dich gemacht Du m\u00f6chtest individuelle, robuste und langlebige Artikel aus Beton f\u00fcr dein Unternehmen oder B\u00fcro? Oder auf einem Messeauftritt mit eigens f\u00fcr deine Firma designten Produkten die Aufmerksamkeit auf Dich ziehen?<\/p>\n","protected":false},"author":37,"featured_media":0,"parent":0,"menu_order":0,"comment_status":"closed","ping_status":"closed","template":"","meta":{"ocean_post_layout":"","ocean_both_sidebars_style":"","ocean_both_sidebars_content_width":0,"ocean_both_sidebars_sidebars_width":0,"ocean_sidebar":"0","ocean_second_sidebar":"0","ocean_disable_margins":"enable","ocean_add_body_class":"","ocean_shortcode_before_top_bar":"","ocean_shortcode_after_top_bar":"","ocean_shortcode_before_header":"","ocean_shortcode_after_header":"","ocean_has_shortcode":"","ocean_shortcode_after_title":"","ocean_shortcode_before_footer_widgets":"","ocean_shortcode_after_footer_widgets":"","ocean_shortcode_before_footer_bottom":"","ocean_shortcode_after_footer_bottom":"","ocean_display_top_bar":"default","ocean_display_header":"default","ocean_header_style":"","ocean_center_header_left_menu":"0","ocean_custom_header_template":"0","ocean_custom_logo":0,"ocean_custom_retina_logo":0,"ocean_custom_logo_max_width":0,"ocean_custom_logo_tablet_max_width":0,"ocean_custom_logo_mobile_max_width":0,"ocean_custom_logo_max_height":0,"ocean_custom_logo_tablet_max_height":0,"ocean_custom_logo_mobile_max_height":0,"ocean_header_custom_menu":"0","ocean_menu_typo_font_family":"0","ocean_menu_typo_font_subset":"","ocean_menu_typo_font_size":0,"ocean_menu_typo_font_size_tablet":0,"ocean_menu_typo_font_size_mobile":0,"ocean_menu_typo_font_size_unit":"px","ocean_menu_typo_font_weight":"","ocean_menu_typo_font_weight_tablet":"","ocean_menu_typo_font_weight_mobile":"","ocean_menu_typo_transform":"","ocean_menu_typo_transform_tablet":"","ocean_menu_typo_transform_mobile":"","ocean_menu_typo_line_height":0,"ocean_menu_typo_line_height_tablet":0,"ocean_menu_typo_line_height_mobile":0,"ocean_menu_typo_line_height_unit":"","ocean_menu_typo_spacing":0,"ocean_menu_typo_spacing_tablet":0,"ocean_menu_typo_spacing_mobile":0,"ocean_menu_typo_spacing_unit":"","ocean_menu_link_color":"","ocean_menu_link_color_hover":"","ocean_menu_link_color_active":"","ocean_menu_link_background":"","ocean_menu_link_hover_background":"","ocean_menu_link_active_background":"","ocean_menu_social_links_bg":"","ocean_menu_social_hover_links_bg":"","ocean_menu_social_links_color":"","ocean_menu_social_hover_links_color":"","ocean_disable_title":"on","ocean_disable_heading":"on","ocean_post_title":"","ocean_post_subheading":"","ocean_post_title_style":"","ocean_post_title_background_color":"","ocean_post_title_background":0,"ocean_post_title_bg_image_position":"","ocean_post_title_bg_image_attachment":"","ocean_post_title_bg_image_repeat":"","ocean_post_title_bg_image_size":"","ocean_post_title_height":0,"ocean_post_title_bg_overlay":0.5,"ocean_post_title_bg_overlay_color":"","ocean_disable_breadcrumbs":"off","ocean_breadcrumbs_color":"","ocean_breadcrumbs_separator_color":"","ocean_breadcrumbs_links_color":"","ocean_breadcrumbs_links_hover_color":"","ocean_display_footer_widgets":"default","ocean_display_footer_bottom":"default","ocean_custom_footer_template":"0","osh_disable_topbar_sticky":"default","osh_disable_header_sticky":"default","osh_sticky_header_style":"default","osh_sticky_header_effect":"","osh_custom_sticky_logo":0,"osh_custom_retina_sticky_logo":0,"osh_custom_sticky_logo_height":0,"osh_background_color":"","osh_links_color":"","osh_links_hover_color":"","osh_links_active_color":"","osh_links_bg_color":"","osh_links_hover_bg_color":"","osh_links_active_bg_color":"","osh_menu_social_links_color":"","osh_menu_social_hover_links_color":"","footnotes":""},"class_list":["post-14810","page","type-page","status-publish","hentry","entry","owp-thumbs-layout-horizontal","owp-btn-normal","owp-tabs-layout-horizontal","has-no-thumbnails","circle-sale"],"_links":{"self":[{"href":"https:\/\/gutmann.design\/en\/wp-json\/wp\/v2\/pages\/14810","targetHints":{"allow":["GET"]}}],"collection":[{"href":"https:\/\/gutmann.design\/en\/wp-json\/wp\/v2\/pages"}],"about":[{"href":"https:\/\/gutmann.design\/en\/wp-json\/wp\/v2\/types\/page"}],"author":[{"embeddable":true,"href":"https:\/\/gutmann.design\/en\/wp-json\/wp\/v2\/users\/37"}],"replies":[{"embeddable":true,"href":"https:\/\/gutmann.design\/en\/wp-json\/wp\/v2\/comments?post=14810"}],"version-history":[{"count":0,"href":"https:\/\/gutmann.design\/en\/wp-json\/wp\/v2\/pages\/14810\/revisions"}],"wp:attachment":[{"href":"https:\/\/gutmann.design\/en\/wp-json\/wp\/v2\/media?parent=14810"}],"curies":[{"name":"wp","href":"https:\/\/api.w.org\/{rel}","templated":true}]}}