{"id":14440,"date":"2022-11-07T10:23:41","date_gmt":"2022-11-07T09:23:41","guid":{"rendered":"https:\/\/gutmann.design\/concrete-incense\/"},"modified":"2024-01-28T13:10:50","modified_gmt":"2024-01-28T12:10:50","slug":"concrete-incense-hardware","status":"publish","type":"page","link":"https:\/\/gutmann.design\/en\/concrete-incense-hardware\/","title":{"rendered":"Concrete Incense hardware"},"content":{"rendered":"<div id=\"pl-14440\"  class=\"panel-layout\" ><div id=\"pg-14440-0\"  class=\"panel-grid panel-has-style\" ><div class=\"panel-row-style panel-row-style-for-14440-0\" ><div id=\"pgc-14440-0-0\"  class=\"panel-grid-cell\" ><div id=\"panel-14440-0-0-0\" class=\"so-panel widget widget_sow-editor panel-first-child panel-last-child\" data-index=\"0\" ><div class=\"panel-widget-style panel-widget-style-for-14440-0-0-0\" ><div\n\t\t\t\n\t\t\tclass=\"so-widget-sow-editor so-widget-sow-editor-base\"\n\t\t\t\n\t\t>\n<div class=\"siteorigin-widget-tinymce textwidget\">\n\t<h1 style=\"text-align: center;\"><span class=\"thinh1\">Modern incense hardware made of concrete -<\/span><br \/>\n<span class=\"boldh1\">High-quality incense accessories without compromise<\/span><\/h1>\n<p style=\"text-align: justify;\">Modern concrete surfaces are nowadays an integral part of any living area. The durability and the unique surface and feel of the concrete give the products an authentic and natural flair.<\/p>\n<p style=\"text-align: justify;\">There could be no more suitable companion for the ancient tradition of ritual incense burning than concrete incense burners. Whether you smoke with incense sticks, resins or Palo Santo wood, we have tailored our products to your incense burning needs and designed them accordingly.<\/p>\n<p style=\"text-align: justify;\">All incense hardware, such as our designer incense burner, are heat-resistant and easy to use - and they are a decorative eye-catcher even when you are not burning with them. Each piece from our workshop is unique and as individual as your spiritual ceremony.<\/p>\n<\/div>\n<\/div><\/div><\/div><\/div><\/div><\/div><div id=\"pg-14440-1\"  class=\"panel-grid panel-has-style\" ><div class=\"kat-row so-rounded panel-row-style panel-row-style-for-14440-1\" ><div id=\"pgc-14440-1-0\"  class=\"panel-grid-cell\" ><div id=\"panel-14440-1-0-0\" class=\"so-panel widget widget_media_image panel-first-child panel-last-child\" data-index=\"1\" ><div class=\"panel-widget-style panel-widget-style-for-14440-1-0-0\" ><a href=\"https:\/\/gutmann.design\/en\/incense-accessories-concrete\/incense-burner-with-sieve\"><img decoding=\"async\" width=\"900\" height=\"900\" src=\"https:\/\/gutmann.design\/wp-content\/uploads\/2022\/11\/Design-Raeucherstoevchen.jpg\" class=\"image wp-image-7188 kat-bild radien attachment-full size-full wvs-archive-product-image\" alt=\"Ein stimmiges Set aus Ablageschalen und R\u00e4ucherst\u00f6vchen von der Betonmanufaktur Gutmann-Design.\" style=\"max-width: 100%; height: auto;\" srcset=\"https:\/\/gutmann.design\/wp-content\/uploads\/2022\/11\/Design-Raeucherstoevchen.jpg 900w, https:\/\/gutmann.design\/wp-content\/uploads\/2022\/11\/Design-Raeucherstoevchen-100x100.jpg 100w, https:\/\/gutmann.design\/wp-content\/uploads\/2022\/11\/Design-Raeucherstoevchen-700x700.jpg 700w, https:\/\/gutmann.design\/wp-content\/uploads\/2022\/11\/Design-Raeucherstoevchen-300x300.jpg 300w, https:\/\/gutmann.design\/wp-content\/uploads\/2022\/11\/Design-Raeucherstoevchen-768x768.jpg 768w, https:\/\/gutmann.design\/wp-content\/uploads\/2022\/11\/Design-Raeucherstoevchen-95x95.jpg 95w, https:\/\/gutmann.design\/wp-content\/uploads\/2022\/11\/Design-Raeucherstoevchen-600x600.jpg 600w, https:\/\/gutmann.design\/wp-content\/uploads\/2022\/11\/Design-Raeucherstoevchen-50x50.jpg 50w, https:\/\/gutmann.design\/wp-content\/uploads\/2022\/11\/Design-Raeucherstoevchen-800x800.jpg 800w\" sizes=\"(max-width: 900px) 100vw, 900px\" \/><\/a><\/div><\/div><\/div><div id=\"pgc-14440-1-1\"  class=\"panel-grid-cell\" ><div id=\"panel-14440-1-1-0\" class=\"so-panel widget widget_media_image panel-first-child\" data-index=\"2\" ><div class=\"kat-bild radien panel-widget-style panel-widget-style-for-14440-1-1-0\" ><a href=\"https:\/\/gutmann.design\/en\/incense-accessories-concrete\/incense-burner-with-sieve\"><img decoding=\"async\" width=\"900\" height=\"507\" src=\"https:\/\/gutmann.design\/wp-content\/uploads\/2022\/11\/Raeucher-Stoevchen-aus-Beton.jpg\" class=\"image wp-image-7186 kat-bild radien attachment-full size-full wvs-archive-product-image\" alt=\"Ein stylishes R\u00e4ucherst\u00f6vchen aus grauem Beton von Gutmann - Design.\" style=\"max-width: 100%; height: auto;\" srcset=\"https:\/\/gutmann.design\/wp-content\/uploads\/2022\/11\/Raeucher-Stoevchen-aus-Beton.jpg 900w, https:\/\/gutmann.design\/wp-content\/uploads\/2022\/11\/Raeucher-Stoevchen-aus-Beton-700x394.jpg 700w, https:\/\/gutmann.design\/wp-content\/uploads\/2022\/11\/Raeucher-Stoevchen-aus-Beton-300x169.jpg 300w, https:\/\/gutmann.design\/wp-content\/uploads\/2022\/11\/Raeucher-Stoevchen-aus-Beton-768x433.jpg 768w, https:\/\/gutmann.design\/wp-content\/uploads\/2022\/11\/Raeucher-Stoevchen-aus-Beton-95x54.jpg 95w, https:\/\/gutmann.design\/wp-content\/uploads\/2022\/11\/Raeucher-Stoevchen-aus-Beton-800x451.jpg 800w\" sizes=\"(max-width: 900px) 100vw, 900px\" \/><\/a><\/div><\/div><div id=\"panel-14440-1-1-1\" class=\"so-panel widget widget_sow-editor panel-last-child\" data-index=\"3\" ><div class=\"kat-text so-rounded panel-widget-style panel-widget-style-for-14440-1-1-1\" ><div\n\t\t\t\n\t\t\tclass=\"so-widget-sow-editor so-widget-sow-editor-base\"\n\t\t\t\n\t\t>\n<div class=\"siteorigin-widget-tinymce textwidget\">\n\t<h2 style=\"text-align: center;\"><span class=\"kat-thinh2\">Incense Resine<\/span><\/h2>\n<h3 style=\"text-align: center;\"><span class=\"kat-boldh3\">Burner<\/span><\/h3>\n<h4 style=\"text-align: center;\"><span class=\"kat-thinh4\">Multifunctional<\/span><\/h4>\n<h4 style=\"text-align: center;\"><span class=\"kat-thinh4\">from 119\u20ac<\/span><\/h4>\n<\/div>\n<\/div><a href=\"https:\/\/gutmann.design\/en\/incense-accessories-concrete\/incense-burner-with-sieve\" class=\"so-premium-link-overlay\">&nbsp;<\/a><\/div><\/div><\/div><\/div><\/div><div id=\"pg-14440-2\"  class=\"panel-grid panel-has-style\" ><div class=\"so-rounded panel-row-style panel-row-style-for-14440-2\" ><div id=\"pgc-14440-2-0\"  class=\"panel-grid-cell\" ><div id=\"panel-14440-2-0-0\" class=\"so-panel widget widget_media_image panel-first-child\" data-index=\"4\" ><div class=\"kat-bild panel-widget-style panel-widget-style-for-14440-2-0-0\" ><a href=\"https:\/\/gutmann.design\/en\/incense-accessories-concrete\/incense-holder\"><img decoding=\"async\" width=\"900\" height=\"507\" src=\"https:\/\/gutmann.design\/wp-content\/uploads\/2022\/11\/Raeucherstaebchen-Befestigung-Beton.jpg\" class=\"image wp-image-7184 kat-bild radien attachment-full size-full wvs-archive-product-image\" alt=\"Ein puristischer R\u00e4ucherst\u00e4bchen Halter aus grauem Beton von Gutmann - Design.\" style=\"max-width: 100%; height: auto;\" srcset=\"https:\/\/gutmann.design\/wp-content\/uploads\/2022\/11\/Raeucherstaebchen-Befestigung-Beton.jpg 900w, https:\/\/gutmann.design\/wp-content\/uploads\/2022\/11\/Raeucherstaebchen-Befestigung-Beton-700x394.jpg 700w, https:\/\/gutmann.design\/wp-content\/uploads\/2022\/11\/Raeucherstaebchen-Befestigung-Beton-300x169.jpg 300w, https:\/\/gutmann.design\/wp-content\/uploads\/2022\/11\/Raeucherstaebchen-Befestigung-Beton-768x433.jpg 768w, https:\/\/gutmann.design\/wp-content\/uploads\/2022\/11\/Raeucherstaebchen-Befestigung-Beton-95x54.jpg 95w, https:\/\/gutmann.design\/wp-content\/uploads\/2022\/11\/Raeucherstaebchen-Befestigung-Beton-800x451.jpg 800w\" sizes=\"(max-width: 900px) 100vw, 900px\" \/><\/a><\/div><\/div><div id=\"panel-14440-2-0-1\" class=\"so-panel widget widget_sow-editor panel-last-child\" data-index=\"5\" ><div class=\"kat-text so-rounded panel-widget-style panel-widget-style-for-14440-2-0-1\" ><div\n\t\t\t\n\t\t\tclass=\"so-widget-sow-editor so-widget-sow-editor-base\"\n\t\t\t\n\t\t>\n<div class=\"siteorigin-widget-tinymce textwidget\">\n\t<h2 style=\"text-align: center;\"><span class=\"kat-thinh2\">Incense Stick<\/span><\/h2>\n<h3 style=\"text-align: center;\"><span class=\"kat-boldh3\">Holder<\/span><\/h3>\n<h4 style=\"text-align: center;\"><span class=\"kat-thinh4\">different diameters<\/span><\/h4>\n<h4 style=\"text-align: center;\"><span class=\"kat-thinh4\">34,90\u20ac<\/span><\/h4>\n<\/div>\n<\/div><a href=\"https:\/\/gutmann.design\/en\/incense-accessories-concrete\/incense-holder\" class=\"so-premium-link-overlay\">&nbsp;<\/a><\/div><\/div><\/div><div id=\"pgc-14440-2-1\"  class=\"panel-grid-cell\" ><div id=\"panel-14440-2-1-0\" class=\"so-panel widget widget_media_image panel-first-child panel-last-child\" data-index=\"6\" ><div class=\"panel-widget-style panel-widget-style-for-14440-2-1-0\" ><a href=\"https:\/\/gutmann.design\/en\/incense-accessories-concrete\/incense-holder\"><img decoding=\"async\" width=\"900\" height=\"900\" src=\"https:\/\/gutmann.design\/wp-content\/uploads\/2022\/11\/Design-Raeucherstaebchenhalter.jpg\" class=\"image wp-image-7192 kat-bild radien attachment-full size-full wvs-archive-product-image\" alt=\"Ein toller und h\u00fcbscher R\u00e4ucherst\u00e4bchenhalter aus grauem Beton. Handgemacht in Deutschland.\" style=\"max-width: 100%; height: auto;\" srcset=\"https:\/\/gutmann.design\/wp-content\/uploads\/2022\/11\/Design-Raeucherstaebchenhalter.jpg 900w, https:\/\/gutmann.design\/wp-content\/uploads\/2022\/11\/Design-Raeucherstaebchenhalter-100x100.jpg 100w, https:\/\/gutmann.design\/wp-content\/uploads\/2022\/11\/Design-Raeucherstaebchenhalter-700x700.jpg 700w, https:\/\/gutmann.design\/wp-content\/uploads\/2022\/11\/Design-Raeucherstaebchenhalter-300x300.jpg 300w, https:\/\/gutmann.design\/wp-content\/uploads\/2022\/11\/Design-Raeucherstaebchenhalter-768x768.jpg 768w, https:\/\/gutmann.design\/wp-content\/uploads\/2022\/11\/Design-Raeucherstaebchenhalter-95x95.jpg 95w, https:\/\/gutmann.design\/wp-content\/uploads\/2022\/11\/Design-Raeucherstaebchenhalter-600x600.jpg 600w, https:\/\/gutmann.design\/wp-content\/uploads\/2022\/11\/Design-Raeucherstaebchenhalter-50x50.jpg 50w, https:\/\/gutmann.design\/wp-content\/uploads\/2022\/11\/Design-Raeucherstaebchenhalter-800x800.jpg 800w\" sizes=\"(max-width: 900px) 100vw, 900px\" \/><\/a><\/div><\/div><\/div><\/div><\/div><div id=\"pg-14440-3\"  class=\"panel-grid panel-has-style\" ><div class=\"kat-row so-rounded panel-row-style panel-row-style-for-14440-3\" ><div id=\"pgc-14440-3-0\"  class=\"panel-grid-cell\" ><div id=\"panel-14440-3-0-0\" class=\"so-panel widget widget_media_image panel-first-child panel-last-child\" data-index=\"7\" ><div class=\"panel-widget-style panel-widget-style-for-14440-3-0-0\" ><a href=\"https:\/\/gutmann.design\/en\/incense-accessories-concrete\/palo-santo-holder\"><img decoding=\"async\" width=\"900\" height=\"900\" src=\"https:\/\/gutmann.design\/wp-content\/uploads\/2022\/12\/Palo-Santo-Halter-Stein.jpg\" class=\"image wp-image-8023 kat-bild radien attachment-full size-full wvs-archive-product-image\" alt=\"Ein Palo Santo Halter aus Beton Stein von Gutmann - Design.\" style=\"max-width: 100%; height: auto;\" srcset=\"https:\/\/gutmann.design\/wp-content\/uploads\/2022\/12\/Palo-Santo-Halter-Stein.jpg 900w, https:\/\/gutmann.design\/wp-content\/uploads\/2022\/12\/Palo-Santo-Halter-Stein-100x100.jpg 100w, https:\/\/gutmann.design\/wp-content\/uploads\/2022\/12\/Palo-Santo-Halter-Stein-450x450.jpg 450w, https:\/\/gutmann.design\/wp-content\/uploads\/2022\/12\/Palo-Santo-Halter-Stein-600x600.jpg 600w, https:\/\/gutmann.design\/wp-content\/uploads\/2022\/12\/Palo-Santo-Halter-Stein-300x300.jpg 300w, https:\/\/gutmann.design\/wp-content\/uploads\/2022\/12\/Palo-Santo-Halter-Stein-768x768.jpg 768w, https:\/\/gutmann.design\/wp-content\/uploads\/2022\/12\/Palo-Santo-Halter-Stein-120x120.jpg 120w, https:\/\/gutmann.design\/wp-content\/uploads\/2022\/12\/Palo-Santo-Halter-Stein-50x50.jpg 50w\" sizes=\"(max-width: 900px) 100vw, 900px\" \/><\/a><\/div><\/div><\/div><div id=\"pgc-14440-3-1\"  class=\"panel-grid-cell\" ><div id=\"panel-14440-3-1-0\" class=\"so-panel widget widget_media_image panel-first-child\" data-index=\"8\" ><div class=\"kat-bild radien panel-widget-style panel-widget-style-for-14440-3-1-0\" ><a href=\"https:\/\/gutmann.design\/en\/incense-accessories-concrete\/palo-santo-holder\"><img decoding=\"async\" width=\"900\" height=\"507\" src=\"https:\/\/gutmann.design\/wp-content\/uploads\/2022\/11\/Palo-Santo-Halter-Beton-1.jpg\" class=\"image wp-image-7182 kat-bild radien attachment-full size-full wvs-archive-product-image\" alt=\"Ein puristischer Palo Santo Halter aus grauem Beton von Gutmann - Design.\" style=\"max-width: 100%; height: auto;\" srcset=\"https:\/\/gutmann.design\/wp-content\/uploads\/2022\/11\/Palo-Santo-Halter-Beton-1.jpg 900w, https:\/\/gutmann.design\/wp-content\/uploads\/2022\/11\/Palo-Santo-Halter-Beton-1-700x394.jpg 700w, https:\/\/gutmann.design\/wp-content\/uploads\/2022\/11\/Palo-Santo-Halter-Beton-1-300x169.jpg 300w, https:\/\/gutmann.design\/wp-content\/uploads\/2022\/11\/Palo-Santo-Halter-Beton-1-768x433.jpg 768w, https:\/\/gutmann.design\/wp-content\/uploads\/2022\/11\/Palo-Santo-Halter-Beton-1-95x54.jpg 95w, https:\/\/gutmann.design\/wp-content\/uploads\/2022\/11\/Palo-Santo-Halter-Beton-1-800x451.jpg 800w\" sizes=\"(max-width: 900px) 100vw, 900px\" \/><\/a><\/div><\/div><div id=\"panel-14440-3-1-1\" class=\"so-panel widget widget_sow-editor panel-last-child\" data-index=\"9\" ><div class=\"kat-text so-rounded panel-widget-style panel-widget-style-for-14440-3-1-1\" ><div\n\t\t\t\n\t\t\tclass=\"so-widget-sow-editor so-widget-sow-editor-base\"\n\t\t\t\n\t\t>\n<div class=\"siteorigin-widget-tinymce textwidget\">\n\t<h2 style=\"text-align: center;\"><span class=\"kat-thinh2\">Palo Santo<\/span><\/h2>\n<h3 style=\"text-align: center;\"><span class=\"kat-boldh3\">Holder<\/span><\/h3>\n<h4 style=\"text-align: center;\"><span class=\"kat-thinh4\">Eye-catcher<\/span><\/h4>\n<h4 style=\"text-align: center;\"><span class=\"kat-thinh4\">24,90\u20ac<\/span><\/h4>\n<\/div>\n<\/div><a href=\"https:\/\/gutmann.design\/en\/incense-accessories-concrete\/palo-santo-holder\" class=\"so-premium-link-overlay\">&nbsp;<\/a><\/div><\/div><\/div><\/div><\/div><div id=\"pg-14440-4\"  class=\"panel-grid panel-has-style\" ><div class=\"siteorigin-panels-stretch animate-69e35b5207f76968768460 panels-animation-hide panel-row-style panel-row-style-for-14440-4\" data-stretch-type=\"full\" data-so-animation=\"{&quot;selector&quot;:&quot;.animate-69e35b5207f76968768460&quot;,&quot;animation&quot;:&quot;fadeIn&quot;,&quot;breakpoint&quot;:&quot;780px&quot;,&quot;duration&quot;:1,&quot;repeat&quot;:0,&quot;hide&quot;:1,&quot;disableAnimationMobile&quot;:0,&quot;finalState&quot;:&quot;visible&quot;,&quot;delay&quot;:0,&quot;debounce&quot;:0.1000000000000000055511151231257827021181583404541015625,&quot;event&quot;:&quot;enter&quot;,&quot;offset&quot;:0}\" ><div id=\"pgc-14440-4-0\"  class=\"panel-grid-cell\" ><div id=\"panel-14440-4-0-0\" class=\"so-panel widget widget_media_image panel-first-child panel-last-child\" data-index=\"10\" ><div class=\"panel-widget-style panel-widget-style-for-14440-4-0-0\" ><img decoding=\"async\" width=\"190\" height=\"213\" src=\"https:\/\/gutmann.design\/wp-content\/uploads\/2024\/01\/Gutmann-Design-free-shipment-267x300.png\" class=\"image wp-image-15578 icon-klein attachment-190x213 size-190x213 wvs-archive-product-image\" alt=\"Gutmann - Design free shipment from 49\u20ac (DE).\" style=\"max-width: 100%; height: auto;\" srcset=\"https:\/\/gutmann.design\/wp-content\/uploads\/2024\/01\/Gutmann-Design-free-shipment-267x300.png 267w, https:\/\/gutmann.design\/wp-content\/uploads\/2024\/01\/Gutmann-Design-free-shipment.png 320w\" sizes=\"(max-width: 190px) 100vw, 190px\" \/><\/div><\/div><\/div><div id=\"pgc-14440-4-1\"  class=\"panel-grid-cell\" ><div id=\"panel-14440-4-1-0\" class=\"so-panel widget widget_media_image panel-first-child panel-last-child\" data-index=\"11\" ><div class=\"panel-widget-style panel-widget-style-for-14440-4-1-0\" ><img decoding=\"async\" width=\"190\" height=\"213\" src=\"https:\/\/gutmann.design\/wp-content\/uploads\/2024\/01\/Gutmann-Design-risk-free-trial-1-267x300.png\" class=\"image wp-image-15572 icon-klein attachment-190x213 size-190x213 wvs-archive-product-image\" alt=\"Gutmann - Design 30 days risk free trial.\" style=\"max-width: 100%; height: auto;\" srcset=\"https:\/\/gutmann.design\/wp-content\/uploads\/2024\/01\/Gutmann-Design-risk-free-trial-1-267x300.png 267w, https:\/\/gutmann.design\/wp-content\/uploads\/2024\/01\/Gutmann-Design-risk-free-trial-1.png 320w\" sizes=\"(max-width: 190px) 100vw, 190px\" \/><\/div><\/div><\/div><div id=\"pgc-14440-4-2\"  class=\"panel-grid-cell\" ><div id=\"panel-14440-4-2-0\" class=\"so-panel widget widget_media_image panel-first-child panel-last-child\" data-index=\"12\" ><div class=\"panel-widget-style panel-widget-style-for-14440-4-2-0\" ><img decoding=\"async\" width=\"190\" height=\"213\" src=\"https:\/\/gutmann.design\/wp-content\/uploads\/2024\/01\/Gutmann-Design-handcrafted-concrete-goods-3-267x300.png\" class=\"image wp-image-15570 icon-klein attachment-190x213 size-190x213 wvs-archive-product-image\" alt=\"Gutmann - Design handcrafted concrete goods made in Germany.\" style=\"max-width: 100%; height: auto;\" srcset=\"https:\/\/gutmann.design\/wp-content\/uploads\/2024\/01\/Gutmann-Design-handcrafted-concrete-goods-3-267x300.png 267w, https:\/\/gutmann.design\/wp-content\/uploads\/2024\/01\/Gutmann-Design-handcrafted-concrete-goods-3.png 320w\" sizes=\"(max-width: 190px) 100vw, 190px\" \/><\/div><\/div><\/div><div id=\"pgc-14440-4-3\"  class=\"panel-grid-cell\" ><div id=\"panel-14440-4-3-0\" class=\"so-panel widget widget_media_image panel-first-child panel-last-child\" data-index=\"13\" ><div class=\"panel-widget-style panel-widget-style-for-14440-4-3-0\" ><img decoding=\"async\" width=\"190\" height=\"213\" src=\"https:\/\/gutmann.design\/wp-content\/uploads\/2024\/01\/Gutmann-Design-Sustainable-Products-1-267x300.png\" class=\"image wp-image-15574 icon-klein attachment-190x213 size-190x213 wvs-archive-product-image\" alt=\"Gutmann - Design Sustainable Products with safe Materials.\" style=\"max-width: 100%; height: auto;\" srcset=\"https:\/\/gutmann.design\/wp-content\/uploads\/2024\/01\/Gutmann-Design-Sustainable-Products-1-267x300.png 267w, https:\/\/gutmann.design\/wp-content\/uploads\/2024\/01\/Gutmann-Design-Sustainable-Products-1.png 320w\" sizes=\"(max-width: 190px) 100vw, 190px\" \/><\/div><\/div><\/div><\/div><\/div><div id=\"pg-14440-5\"  class=\"panel-grid panel-has-style\" ><div class=\"animate-69e35b5208e9a130335141 panels-animation-hide panel-row-style panel-row-style-for-14440-5\" data-so-animation=\"{&quot;selector&quot;:&quot;.animate-69e35b5208e9a130335141&quot;,&quot;animation&quot;:&quot;fadeIn&quot;,&quot;breakpoint&quot;:&quot;780px&quot;,&quot;duration&quot;:1,&quot;repeat&quot;:0,&quot;hide&quot;:1,&quot;disableAnimationMobile&quot;:0,&quot;finalState&quot;:&quot;visible&quot;,&quot;delay&quot;:0,&quot;debounce&quot;:0.1000000000000000055511151231257827021181583404541015625,&quot;event&quot;:&quot;enter&quot;,&quot;offset&quot;:0}\" ><div id=\"pgc-14440-5-0\"  class=\"panel-grid-cell\" ><div id=\"panel-14440-5-0-0\" class=\"so-panel widget widget_media_image panel-first-child\" data-index=\"14\" ><div class=\"panel-widget-style panel-widget-style-for-14440-5-0-0\" ><img decoding=\"async\" width=\"190\" height=\"213\" src=\"https:\/\/gutmann.design\/wp-content\/uploads\/2024\/01\/Gutmann-Design-free-shipment-267x300.png\" class=\"image wp-image-15578 icon-klein attachment-190x213 size-190x213 wvs-archive-product-image\" alt=\"Gutmann - Design free shipment from 49\u20ac (DE).\" style=\"max-width: 100%; height: auto;\" srcset=\"https:\/\/gutmann.design\/wp-content\/uploads\/2024\/01\/Gutmann-Design-free-shipment-267x300.png 267w, https:\/\/gutmann.design\/wp-content\/uploads\/2024\/01\/Gutmann-Design-free-shipment.png 320w\" sizes=\"(max-width: 190px) 100vw, 190px\" \/><\/div><\/div><div id=\"panel-14440-5-0-1\" class=\"so-panel widget widget_media_image panel-last-child\" data-index=\"15\" ><div class=\"panel-widget-style panel-widget-style-for-14440-5-0-1\" ><img decoding=\"async\" width=\"190\" height=\"213\" src=\"https:\/\/gutmann.design\/wp-content\/uploads\/2024\/01\/Gutmann-Design-risk-free-trial-1-267x300.png\" class=\"image wp-image-15572 icon-klein attachment-190x213 size-190x213 wvs-archive-product-image\" alt=\"Gutmann - Design 30 days risk free trial.\" style=\"max-width: 100%; height: auto;\" srcset=\"https:\/\/gutmann.design\/wp-content\/uploads\/2024\/01\/Gutmann-Design-risk-free-trial-1-267x300.png 267w, https:\/\/gutmann.design\/wp-content\/uploads\/2024\/01\/Gutmann-Design-risk-free-trial-1.png 320w\" sizes=\"(max-width: 190px) 100vw, 190px\" \/><\/div><\/div><\/div><div id=\"pgc-14440-5-1\"  class=\"panel-grid-cell\" ><div id=\"panel-14440-5-1-0\" class=\"so-panel widget widget_media_image panel-first-child\" data-index=\"16\" ><div class=\"panel-widget-style panel-widget-style-for-14440-5-1-0\" ><img decoding=\"async\" width=\"190\" height=\"213\" src=\"https:\/\/gutmann.design\/wp-content\/uploads\/2024\/01\/Gutmann-Design-handcrafted-concrete-goods-3-267x300.png\" class=\"image wp-image-15570 icon-klein attachment-190x213 size-190x213 wvs-archive-product-image\" alt=\"Gutmann - Design handcrafted concrete goods made in Germany.\" style=\"max-width: 100%; height: auto;\" srcset=\"https:\/\/gutmann.design\/wp-content\/uploads\/2024\/01\/Gutmann-Design-handcrafted-concrete-goods-3-267x300.png 267w, https:\/\/gutmann.design\/wp-content\/uploads\/2024\/01\/Gutmann-Design-handcrafted-concrete-goods-3.png 320w\" sizes=\"(max-width: 190px) 100vw, 190px\" \/><\/div><\/div><div id=\"panel-14440-5-1-1\" class=\"so-panel widget widget_media_image panel-last-child\" data-index=\"17\" ><div class=\"panel-widget-style panel-widget-style-for-14440-5-1-1\" ><img decoding=\"async\" width=\"190\" height=\"213\" src=\"https:\/\/gutmann.design\/wp-content\/uploads\/2024\/01\/Gutmann-Design-Sustainable-Products-1-267x300.png\" class=\"image wp-image-15574 icon-klein attachment-190x213 size-190x213 wvs-archive-product-image\" alt=\"Gutmann - Design Sustainable Products with safe Materials.\" style=\"max-width: 100%; height: auto;\" srcset=\"https:\/\/gutmann.design\/wp-content\/uploads\/2024\/01\/Gutmann-Design-Sustainable-Products-1-267x300.png 267w, https:\/\/gutmann.design\/wp-content\/uploads\/2024\/01\/Gutmann-Design-Sustainable-Products-1.png 320w\" sizes=\"(max-width: 190px) 100vw, 190px\" \/><\/div><\/div><\/div><\/div><\/div><\/div>","protected":false},"excerpt":{"rendered":"<p>Modern incense hardware made of concrete &#8211; High-quality incense accessories without compromise Modern concrete surfaces are nowadays an integral part of any living area. The durability and the unique surface and feel of the concrete give the products an authentic and natural flair. There could be no more suitable companion for the ancient tradition of [&hellip;]<\/p>\n","protected":false},"author":37,"featured_media":0,"parent":0,"menu_order":0,"comment_status":"closed","ping_status":"closed","template":"","meta":{"ocean_post_layout":"","ocean_both_sidebars_style":"","ocean_both_sidebars_content_width":0,"ocean_both_sidebars_sidebars_width":0,"ocean_sidebar":"0","ocean_second_sidebar":"0","ocean_disable_margins":"enable","ocean_add_body_class":"","ocean_shortcode_before_top_bar":"","ocean_shortcode_after_top_bar":"","ocean_shortcode_before_header":"","ocean_shortcode_after_header":"","ocean_has_shortcode":"","ocean_shortcode_after_title":"","ocean_shortcode_before_footer_widgets":"","ocean_shortcode_after_footer_widgets":"","ocean_shortcode_before_footer_bottom":"","ocean_shortcode_after_footer_bottom":"","ocean_display_top_bar":"default","ocean_display_header":"default","ocean_header_style":"","ocean_center_header_left_menu":"0","ocean_custom_header_template":"0","ocean_custom_logo":0,"ocean_custom_retina_logo":0,"ocean_custom_logo_max_width":0,"ocean_custom_logo_tablet_max_width":0,"ocean_custom_logo_mobile_max_width":0,"ocean_custom_logo_max_height":0,"ocean_custom_logo_tablet_max_height":0,"ocean_custom_logo_mobile_max_height":0,"ocean_header_custom_menu":"0","ocean_menu_typo_font_family":"0","ocean_menu_typo_font_subset":"","ocean_menu_typo_font_size":0,"ocean_menu_typo_font_size_tablet":0,"ocean_menu_typo_font_size_mobile":0,"ocean_menu_typo_font_size_unit":"px","ocean_menu_typo_font_weight":"","ocean_menu_typo_font_weight_tablet":"","ocean_menu_typo_font_weight_mobile":"","ocean_menu_typo_transform":"","ocean_menu_typo_transform_tablet":"","ocean_menu_typo_transform_mobile":"","ocean_menu_typo_line_height":0,"ocean_menu_typo_line_height_tablet":0,"ocean_menu_typo_line_height_mobile":0,"ocean_menu_typo_line_height_unit":"","ocean_menu_typo_spacing":0,"ocean_menu_typo_spacing_tablet":0,"ocean_menu_typo_spacing_mobile":0,"ocean_menu_typo_spacing_unit":"","ocean_menu_link_color":"","ocean_menu_link_color_hover":"","ocean_menu_link_color_active":"","ocean_menu_link_background":"","ocean_menu_link_hover_background":"","ocean_menu_link_active_background":"","ocean_menu_social_links_bg":"","ocean_menu_social_hover_links_bg":"","ocean_menu_social_links_color":"","ocean_menu_social_hover_links_color":"","ocean_disable_title":"enable","ocean_disable_heading":"on","ocean_post_title":"","ocean_post_subheading":"","ocean_post_title_style":"","ocean_post_title_background_color":"","ocean_post_title_background":0,"ocean_post_title_bg_image_position":"","ocean_post_title_bg_image_attachment":"","ocean_post_title_bg_image_repeat":"","ocean_post_title_bg_image_size":"","ocean_post_title_height":0,"ocean_post_title_bg_overlay":0.5,"ocean_post_title_bg_overlay_color":"","ocean_disable_breadcrumbs":"default","ocean_breadcrumbs_color":"","ocean_breadcrumbs_separator_color":"","ocean_breadcrumbs_links_color":"","ocean_breadcrumbs_links_hover_color":"","ocean_display_footer_widgets":"default","ocean_display_footer_bottom":"default","ocean_custom_footer_template":"0","osh_disable_topbar_sticky":"default","osh_disable_header_sticky":"default","osh_sticky_header_style":"default","osh_sticky_header_effect":"","osh_custom_sticky_logo":0,"osh_custom_retina_sticky_logo":0,"osh_custom_sticky_logo_height":0,"osh_background_color":"","osh_links_color":"","osh_links_hover_color":"","osh_links_active_color":"","osh_links_bg_color":"","osh_links_hover_bg_color":"","osh_links_active_bg_color":"","osh_menu_social_links_color":"","osh_menu_social_hover_links_color":"","footnotes":""},"class_list":["post-14440","page","type-page","status-publish","hentry","entry","owp-thumbs-layout-horizontal","owp-btn-normal","owp-tabs-layout-horizontal","has-no-thumbnails","circle-sale"],"_links":{"self":[{"href":"https:\/\/gutmann.design\/en\/wp-json\/wp\/v2\/pages\/14440","targetHints":{"allow":["GET"]}}],"collection":[{"href":"https:\/\/gutmann.design\/en\/wp-json\/wp\/v2\/pages"}],"about":[{"href":"https:\/\/gutmann.design\/en\/wp-json\/wp\/v2\/types\/page"}],"author":[{"embeddable":true,"href":"https:\/\/gutmann.design\/en\/wp-json\/wp\/v2\/users\/37"}],"replies":[{"embeddable":true,"href":"https:\/\/gutmann.design\/en\/wp-json\/wp\/v2\/comments?post=14440"}],"version-history":[{"count":0,"href":"https:\/\/gutmann.design\/en\/wp-json\/wp\/v2\/pages\/14440\/revisions"}],"wp:attachment":[{"href":"https:\/\/gutmann.design\/en\/wp-json\/wp\/v2\/media?parent=14440"}],"curies":[{"name":"wp","href":"https:\/\/api.w.org\/{rel}","templated":true}]}}